{"id":286,"date":"2018-07-17T09:34:41","date_gmt":"2018-07-17T07:34:41","guid":{"rendered":"https:\/\/WWW.m2bconstruction.com\/?page_id=286"},"modified":"2018-07-17T09:34:53","modified_gmt":"2018-07-17T07:34:53","slug":"286-2","status":"publish","type":"page","link":"https:\/\/m2bconstruction.com\/?page_id=286","title":{"rendered":"Nos services"},"content":{"rendered":"<section  class='av_textblock_section av-jjpdt6sc-f8e7e1e430e9492ed29b16b440308569 '   itemscope=\"itemscope\" itemtype=\"https:\/\/schema.org\/CreativeWork\" ><div class='avia_textblock'  itemprop=\"text\" ><div class=\"post-entry post-entry-type-page post-entry-283\">\n<div class=\"entry-content-wrapper clearfix\">\n<section class=\"av_textblock_section \">\n<div class=\"avia_textblock \">\n<p>Vous avez besoin de r\u00e9aliser quelques travaux chez vous?<\/p>\n<p>Vous souhaitez r\u00e9nover votre appartement ou bien votre maison?<\/p>\n<p>Vous souhaitez r\u00e9aliser une extension?<\/p>\n<p>Vous souhaitez construire une maison?<\/p>\n<p>Vous souhaitez construire des b\u00e2timents commerciaux (par exemple des d\u00e9p\u00f4ts) ?<\/p>\n<p><strong>Alors M2B Construction peut vous aider \u00e0 r\u00e9aliser votre projet en accord avec votre budget!<\/strong><\/p>\n<\/div>\n<\/section>\n<\/div>\n<\/div>\n<\/div><\/section>\n","protected":false},"excerpt":{"rendered":"","protected":false},"author":2,"featured_media":0,"parent":0,"menu_order":0,"comment_status":"closed","ping_status":"closed","template":"","meta":{"footnotes":""},"class_list":["post-286","page","type-page","status-publish","hentry"],"jetpack-related-posts":[],"jetpack_sharing_enabled":true,"_links":{"self":[{"href":"https:\/\/m2bconstruction.com\/index.php?rest_route=\/wp\/v2\/pages\/286","targetHints":{"allow":["GET"]}}],"collection":[{"href":"https:\/\/m2bconstruction.com\/index.php?rest_route=\/wp\/v2\/pages"}],"about":[{"href":"https:\/\/m2bconstruction.com\/index.php?rest_route=\/wp\/v2\/types\/page"}],"author":[{"embeddable":true,"href":"https:\/\/m2bconstruction.com\/index.php?rest_route=\/wp\/v2\/users\/2"}],"replies":[{"embeddable":true,"href":"https:\/\/m2bconstruction.com\/index.php?rest_route=%2Fwp%2Fv2%2Fcomments&post=286"}],"version-history":[{"count":3,"href":"https:\/\/m2bconstruction.com\/index.php?rest_route=\/wp\/v2\/pages\/286\/revisions"}],"predecessor-version":[{"id":289,"href":"https:\/\/m2bconstruction.com\/index.php?rest_route=\/wp\/v2\/pages\/286\/revisions\/289"}],"wp:attachment":[{"href":"https:\/\/m2bconstruction.com\/index.php?rest_route=%2Fwp%2Fv2%2Fmedia&parent=286"}],"curies":[{"name":"wp","href":"https:\/\/api.w.org\/{rel}","templated":true}]}}