{"id":14,"date":"2014-09-28T14:56:25","date_gmt":"2014-09-28T11:56:25","guid":{"rendered":"http:\/\/m2bconstruction.com\/?page_id=14"},"modified":"2014-09-28T15:20:29","modified_gmt":"2014-09-28T12:20:29","slug":"notre-catalogue","status":"publish","type":"page","link":"https:\/\/m2bconstruction.com\/?page_id=14","title":{"rendered":"Notre Catalogue"},"content":{"rendered":"<p>Nous avons \u00e0 votre disposition de nombreuses r\u00e9alisations sur le d\u00e9partement du Calvados. Si lors de votre premier rendez-vous, vous n&#8217;avez vraiment aucune id\u00e9e quant au style de maison que vous souhaitez, nous tenons \u00e0 votre disposition un &#8220;catalogue&#8221; de nos r\u00e9alisations. Ce &#8220;catalogue&#8221; n&#8217;est absolument pas fig\u00e9 mais cela permet de d\u00e9grossir le style de votre future maison.<br \/>\nCelui-ci vous permettra de vous orienter vers une maison de plein pied ou \u00e0 \u00e9tage avec ou sans sous-sol, maison en &#8220;L&#8221;, maison rectangulaire, garage int\u00e9gr\u00e9 ou pas, etc.<br \/>\nQuant au nombre de pi\u00e8ces et \u00e0 leur dispositon, ce sera lors de votre entretien avec M. Butun que vous d\u00e9terminerez l&#8217;organisation de votre future maison.<\/p>\n","protected":false},"excerpt":{"rendered":"<p>Nous avons \u00e0 votre disposition de nombreuses r\u00e9alisations sur le d\u00e9partement du Calvados. Si lors de votre premier rendez-vous, vous n&#8217;avez vraiment aucune id\u00e9e quant au style de maison que vous souhaitez, nous tenons \u00e0 votre disposition un &#8220;catalogue&#8221; de nos r\u00e9alisations. Ce &#8220;catalogue&#8221; n&#8217;est absolument pas fig\u00e9 mais cela permet de d\u00e9grossir le style [&hellip;]<\/p>\n","protected":false},"author":2,"featured_media":0,"parent":0,"menu_order":0,"comment_status":"open","ping_status":"closed","template":"","meta":{"footnotes":""},"class_list":["post-14","page","type-page","status-publish","hentry"],"jetpack-related-posts":[],"jetpack_sharing_enabled":true,"_links":{"self":[{"href":"https:\/\/m2bconstruction.com\/index.php?rest_route=\/wp\/v2\/pages\/14","targetHints":{"allow":["GET"]}}],"collection":[{"href":"https:\/\/m2bconstruction.com\/index.php?rest_route=\/wp\/v2\/pages"}],"about":[{"href":"https:\/\/m2bconstruction.com\/index.php?rest_route=\/wp\/v2\/types\/page"}],"author":[{"embeddable":true,"href":"https:\/\/m2bconstruction.com\/index.php?rest_route=\/wp\/v2\/users\/2"}],"replies":[{"embeddable":true,"href":"https:\/\/m2bconstruction.com\/index.php?rest_route=%2Fwp%2Fv2%2Fcomments&post=14"}],"version-history":[{"count":3,"href":"https:\/\/m2bconstruction.com\/index.php?rest_route=\/wp\/v2\/pages\/14\/revisions"}],"predecessor-version":[{"id":23,"href":"https:\/\/m2bconstruction.com\/index.php?rest_route=\/wp\/v2\/pages\/14\/revisions\/23"}],"wp:attachment":[{"href":"https:\/\/m2bconstruction.com\/index.php?rest_route=%2Fwp%2Fv2%2Fmedia&parent=14"}],"curies":[{"name":"wp","href":"https:\/\/api.w.org\/{rel}","templated":true}]}}